{"id":135,"date":"2022-08-25T09:18:43","date_gmt":"2022-08-25T09:18:43","guid":{"rendered":"https:\/\/shtheme.com\/demosd\/insuren\/?page_id=135"},"modified":"2025-12-01T12:16:01","modified_gmt":"2025-12-01T12:16:01","slug":"pakalpojumi","status":"publish","type":"page","link":"https:\/\/quantum.lv\/en\/pakalpojumi\/","title":{"rendered":"Services"},"content":{"rendered":"<div data-elementor-type=\"wp-page\" data-elementor-id=\"135\" class=\"elementor elementor-135\" data-elementor-post-type=\"page\">\n\t\t\t\t<div class=\"elementor-element elementor-element-8291590 e-flex e-con-boxed e-con e-parent\" data-id=\"8291590\" data-element_type=\"container\" data-settings=\"{&quot;background_background&quot;:&quot;classic&quot;}\">\n\t\t\t\t\t<div class=\"e-con-inner\">\n\t\t\t\t<div class=\"elementor-element elementor-element-90cd605 elementor-widget elementor-widget-heading\" data-id=\"90cd605\" data-element_type=\"widget\" data-widget_type=\"heading.default\">\n\t\t\t\t\t<h2 class=\"elementor-heading-title elementor-size-default\">Services<\/h2>\t\t\t\t<\/div>\n\t\t\t\t<div class=\"elementor-element elementor-element-87a3897 elementor-widget elementor-widget-spacer\" data-id=\"87a3897\" data-element_type=\"widget\" data-widget_type=\"spacer.default\">\n\t\t\t\t\t\t\t<div class=\"elementor-spacer\">\n\t\t\t<div class=\"elementor-spacer-inner\"><\/div>\n\t\t<\/div>\n\t\t\t\t\t\t<\/div>\n\t\t\t\t<div class=\"elementor-element elementor-element-e26be7f elementor-widget elementor-widget-text-editor\" data-id=\"e26be7f\" data-element_type=\"widget\" data-widget_type=\"text-editor.default\">\n\t\t\t\t\t\t\t\t\t<p>Quantum Latvia<\/p>\t\t\t\t\t\t\t\t<\/div>\n\t\t\t\t\t<\/div>\n\t\t\t\t<\/div>\n\t\t<div class=\"elementor-element elementor-element-383bab1 e-flex e-con-boxed e-con e-parent\" data-id=\"383bab1\" data-element_type=\"container\" data-settings=\"{&quot;background_background&quot;:&quot;classic&quot;}\">\n\t\t\t\t\t<div class=\"e-con-inner\">\n\t\t<div class=\"elementor-element elementor-element-a2edaee e-con-full e-flex e-con e-child\" data-id=\"a2edaee\" data-element_type=\"container\">\n\t\t<div class=\"elementor-element elementor-element-bf087b5 e-con-full uvp-cards e-flex e-con e-child\" data-id=\"bf087b5\" data-element_type=\"container\" data-settings=\"{&quot;background_background&quot;:&quot;classic&quot;}\">\n\t\t\t\t<div class=\"elementor-element elementor-element-632605f elementor-absolute elementor-widget elementor-widget-html\" data-id=\"632605f\" data-element_type=\"widget\" data-settings=\"{&quot;_position&quot;:&quot;absolute&quot;}\" data-widget_type=\"html.default\">\n\t\t\t\t\t<i class=\"webexflaticon flaticon-engineer\"><\/i>\r\n\t\t\t\t<\/div>\n\t\t\t\t<div class=\"elementor-element elementor-element-721c614 elementor-widget elementor-widget-image\" data-id=\"721c614\" data-element_type=\"widget\" data-widget_type=\"image.default\">\n\t\t\t\t\t\t\t\t\t\t\t\t\t\t\t<img fetchpriority=\"high\" decoding=\"async\" width=\"2560\" height=\"1708\" src=\"https:\/\/quantum.lv\/wp-content\/uploads\/2025\/12\/quantum-latvija-par-mums-2-scaled.jpg\" class=\"attachment-full size-full wp-image-2382\" alt=\"Quantum Latvija Par mums 2\" srcset=\"https:\/\/quantum.lv\/wp-content\/uploads\/2025\/12\/quantum-latvija-par-mums-2-scaled.jpg 2560w, https:\/\/quantum.lv\/wp-content\/uploads\/2025\/12\/quantum-latvija-par-mums-2-300x200.jpg 300w, https:\/\/quantum.lv\/wp-content\/uploads\/2025\/12\/quantum-latvija-par-mums-2-1024x683.jpg 1024w, https:\/\/quantum.lv\/wp-content\/uploads\/2025\/12\/quantum-latvija-par-mums-2-768x512.jpg 768w, https:\/\/quantum.lv\/wp-content\/uploads\/2025\/12\/quantum-latvija-par-mums-2-1536x1025.jpg 1536w, https:\/\/quantum.lv\/wp-content\/uploads\/2025\/12\/quantum-latvija-par-mums-2-2048x1366.jpg 2048w, https:\/\/quantum.lv\/wp-content\/uploads\/2025\/12\/quantum-latvija-par-mums-2-600x400.jpg 600w\" sizes=\"(max-width: 2560px) 100vw, 2560px\" \/>\t\t\t\t\t\t\t\t\t\t\t\t\t\t\t<\/div>\n\t\t\t\t<div class=\"elementor-element elementor-element-45145c0 elementor-widget elementor-widget-heading\" data-id=\"45145c0\" data-element_type=\"widget\" data-widget_type=\"heading.default\">\n\t\t\t\t\t<h5 class=\"elementor-heading-title elementor-size-default\">Equipment installation<\/h5>\t\t\t\t<\/div>\n\t\t\t\t<div class=\"elementor-element elementor-element-bbddb73 elementor-widget elementor-widget-text-editor\" data-id=\"bbddb73\" data-element_type=\"widget\" data-widget_type=\"text-editor.default\">\n\t\t\t\t\t\t\t\t\t<p>Quantum provides professional laboratory equipment and diagnostic testing systems delivery, installation and configuration according to the manufacturer&#039;s technical requirements and the specifics of your laboratory work. Our specialists guarantee accurate and safe commissioning of the equipment.<\/p>\t\t\t\t\t\t\t\t<\/div>\n\t\t\t\t<div class=\"elementor-element elementor-element-db67ab7 elementor-widget elementor-widget-spacer\" data-id=\"db67ab7\" data-element_type=\"widget\" data-widget_type=\"spacer.default\">\n\t\t\t\t\t\t\t<div class=\"elementor-spacer\">\n\t\t\t<div class=\"elementor-spacer-inner\"><\/div>\n\t\t<\/div>\n\t\t\t\t\t\t<\/div>\n\t\t\t\t<\/div>\n\t\t<div class=\"elementor-element elementor-element-e2abc63 e-con-full uvp-cards e-flex e-con e-child\" data-id=\"e2abc63\" data-element_type=\"container\" data-settings=\"{&quot;background_background&quot;:&quot;classic&quot;}\">\n\t\t\t\t<div class=\"elementor-element elementor-element-4a37110 elementor-absolute elementor-widget elementor-widget-html\" data-id=\"4a37110\" data-element_type=\"widget\" data-settings=\"{&quot;_position&quot;:&quot;absolute&quot;}\" data-widget_type=\"html.default\">\n\t\t\t\t\t<i class=\"webexflaticon flaticon-settings-1\"><\/i>\r\n\t\t\t\t<\/div>\n\t\t\t\t<div class=\"elementor-element elementor-element-74459c9 elementor-widget elementor-widget-image\" data-id=\"74459c9\" data-element_type=\"widget\" data-widget_type=\"image.default\">\n\t\t\t\t\t\t\t\t\t\t\t\t\t\t\t<img decoding=\"async\" width=\"900\" height=\"600\" src=\"https:\/\/quantum.lv\/wp-content\/uploads\/2025\/12\/tehniskais-serviss-un-apkope-pakalpojumi-1024x683.jpg\" class=\"attachment-large size-large wp-image-2397\" alt=\"\" srcset=\"https:\/\/quantum.lv\/wp-content\/uploads\/2025\/12\/tehniskais-serviss-un-apkope-pakalpojumi-1024x683.jpg 1024w, https:\/\/quantum.lv\/wp-content\/uploads\/2025\/12\/tehniskais-serviss-un-apkope-pakalpojumi-300x200.jpg 300w, https:\/\/quantum.lv\/wp-content\/uploads\/2025\/12\/tehniskais-serviss-un-apkope-pakalpojumi-768x512.jpg 768w, https:\/\/quantum.lv\/wp-content\/uploads\/2025\/12\/tehniskais-serviss-un-apkope-pakalpojumi-1536x1024.jpg 1536w, https:\/\/quantum.lv\/wp-content\/uploads\/2025\/12\/tehniskais-serviss-un-apkope-pakalpojumi-2048x1365.jpg 2048w, https:\/\/quantum.lv\/wp-content\/uploads\/2025\/12\/tehniskais-serviss-un-apkope-pakalpojumi-600x400.jpg 600w\" sizes=\"(max-width: 900px) 100vw, 900px\" \/>\t\t\t\t\t\t\t\t\t\t\t\t\t\t\t<\/div>\n\t\t\t\t<div class=\"elementor-element elementor-element-77aed42 elementor-widget elementor-widget-heading\" data-id=\"77aed42\" data-element_type=\"widget\" data-widget_type=\"heading.default\">\n\t\t\t\t\t<h5 class=\"elementor-heading-title elementor-size-default\">Technical service and maintenance<\/h5>\t\t\t\t<\/div>\n\t\t\t\t<div class=\"elementor-element elementor-element-a61576d elementor-widget elementor-widget-text-editor\" data-id=\"a61576d\" data-element_type=\"widget\" data-widget_type=\"text-editor.default\">\n\t\t\t\t\t\t\t\t\t<p>We offer regular maintenance, calibration, verification, equipment diagnostics and repair. Quantum technical service helps keep laboratory equipment and testing systems operating optimally, ensuring high accuracy and continuous operation without downtime.<\/p>\t\t\t\t\t\t\t\t<\/div>\n\t\t\t\t<div class=\"elementor-element elementor-element-99d5394 elementor-widget elementor-widget-spacer\" data-id=\"99d5394\" data-element_type=\"widget\" data-widget_type=\"spacer.default\">\n\t\t\t\t\t\t\t<div class=\"elementor-spacer\">\n\t\t\t<div class=\"elementor-spacer-inner\"><\/div>\n\t\t<\/div>\n\t\t\t\t\t\t<\/div>\n\t\t\t\t<\/div>\n\t\t\t\t<\/div>\n\t\t<div class=\"elementor-element elementor-element-cbbf2fe e-con-full e-flex e-con e-child\" data-id=\"cbbf2fe\" data-element_type=\"container\">\n\t\t<div class=\"elementor-element elementor-element-37dcc8c e-con-full uvp-cards e-flex e-con e-child\" data-id=\"37dcc8c\" data-element_type=\"container\" data-settings=\"{&quot;background_background&quot;:&quot;classic&quot;}\">\n\t\t\t\t<div class=\"elementor-element elementor-element-b718c3c elementor-absolute elementor-widget elementor-widget-html\" data-id=\"b718c3c\" data-element_type=\"widget\" data-settings=\"{&quot;_position&quot;:&quot;absolute&quot;}\" data-widget_type=\"html.default\">\n\t\t\t\t\t<i class=\"webexflaticon flaticon-conference\"><\/i>\r\n\t\t\t\t<\/div>\n\t\t\t\t<div class=\"elementor-element elementor-element-5f2cb8f elementor-widget elementor-widget-image\" data-id=\"5f2cb8f\" data-element_type=\"widget\" data-widget_type=\"image.default\">\n\t\t\t\t\t\t\t\t\t\t\t\t\t\t\t<img decoding=\"async\" width=\"2560\" height=\"1440\" src=\"https:\/\/quantum.lv\/wp-content\/uploads\/2025\/12\/lietotaju-apmacibas-pakalpojumi-scaled.jpg\" class=\"attachment-full size-full wp-image-2394\" alt=\"Quantum Latvija Lietot\u0101ju apm\u0101c\u012bbas pakalpojums\" srcset=\"https:\/\/quantum.lv\/wp-content\/uploads\/2025\/12\/lietotaju-apmacibas-pakalpojumi-scaled.jpg 2560w, https:\/\/quantum.lv\/wp-content\/uploads\/2025\/12\/lietotaju-apmacibas-pakalpojumi-300x169.jpg 300w, https:\/\/quantum.lv\/wp-content\/uploads\/2025\/12\/lietotaju-apmacibas-pakalpojumi-1024x576.jpg 1024w, https:\/\/quantum.lv\/wp-content\/uploads\/2025\/12\/lietotaju-apmacibas-pakalpojumi-768x432.jpg 768w, https:\/\/quantum.lv\/wp-content\/uploads\/2025\/12\/lietotaju-apmacibas-pakalpojumi-1536x864.jpg 1536w, https:\/\/quantum.lv\/wp-content\/uploads\/2025\/12\/lietotaju-apmacibas-pakalpojumi-2048x1152.jpg 2048w, https:\/\/quantum.lv\/wp-content\/uploads\/2025\/12\/lietotaju-apmacibas-pakalpojumi-600x338.jpg 600w\" sizes=\"(max-width: 2560px) 100vw, 2560px\" \/>\t\t\t\t\t\t\t\t\t\t\t\t\t\t\t<\/div>\n\t\t\t\t<div class=\"elementor-element elementor-element-59dfe31 elementor-widget elementor-widget-heading\" data-id=\"59dfe31\" data-element_type=\"widget\" data-widget_type=\"heading.default\">\n\t\t\t\t\t<h5 class=\"elementor-heading-title elementor-size-default\">User training<\/h5>\t\t\t\t<\/div>\n\t\t\t\t<div class=\"elementor-element elementor-element-f3fc2a3 elementor-widget elementor-widget-text-editor\" data-id=\"f3fc2a3\" data-element_type=\"widget\" data-widget_type=\"text-editor.default\">\n\t\t\t\t\t\t\t\t\t<p>We organize practical and theoretical training for laboratory personnel on the supplied equipment, testing systems and reagents. Training takes place on-site or remotely, based on the client&#039;s needs and experience level.<\/p>\t\t\t\t\t\t\t\t<\/div>\n\t\t\t\t<div class=\"elementor-element elementor-element-3c4c442 elementor-widget elementor-widget-spacer\" data-id=\"3c4c442\" data-element_type=\"widget\" data-widget_type=\"spacer.default\">\n\t\t\t\t\t\t\t<div class=\"elementor-spacer\">\n\t\t\t<div class=\"elementor-spacer-inner\"><\/div>\n\t\t<\/div>\n\t\t\t\t\t\t<\/div>\n\t\t\t\t<\/div>\n\t\t<div class=\"elementor-element elementor-element-beb3222 e-con-full uvp-cards e-flex e-con e-child\" data-id=\"beb3222\" data-element_type=\"container\" data-settings=\"{&quot;background_background&quot;:&quot;classic&quot;}\">\n\t\t\t\t<div class=\"elementor-element elementor-element-8437595 elementor-absolute elementor-widget elementor-widget-html\" data-id=\"8437595\" data-element_type=\"widget\" data-settings=\"{&quot;_position&quot;:&quot;absolute&quot;}\" data-widget_type=\"html.default\">\n\t\t\t\t\t<i class=\"webexflaticon flaticon-handshake\"><\/i>\r\n\t\t\t\t<\/div>\n\t\t\t\t<div class=\"elementor-element elementor-element-0fc1c0a elementor-widget elementor-widget-image\" data-id=\"0fc1c0a\" data-element_type=\"widget\" data-widget_type=\"image.default\">\n\t\t\t\t\t\t\t\t\t\t\t\t\t\t\t<img loading=\"lazy\" decoding=\"async\" width=\"2560\" height=\"1707\" src=\"https:\/\/quantum.lv\/wp-content\/uploads\/2025\/12\/konsultacijas-un-risinajumu-pielagosana-pakalpojumi-scaled.jpg\" class=\"attachment-full size-full wp-image-2395\" alt=\"\" srcset=\"https:\/\/quantum.lv\/wp-content\/uploads\/2025\/12\/konsultacijas-un-risinajumu-pielagosana-pakalpojumi-scaled.jpg 2560w, https:\/\/quantum.lv\/wp-content\/uploads\/2025\/12\/konsultacijas-un-risinajumu-pielagosana-pakalpojumi-300x200.jpg 300w, https:\/\/quantum.lv\/wp-content\/uploads\/2025\/12\/konsultacijas-un-risinajumu-pielagosana-pakalpojumi-1024x683.jpg 1024w, https:\/\/quantum.lv\/wp-content\/uploads\/2025\/12\/konsultacijas-un-risinajumu-pielagosana-pakalpojumi-768x512.jpg 768w, https:\/\/quantum.lv\/wp-content\/uploads\/2025\/12\/konsultacijas-un-risinajumu-pielagosana-pakalpojumi-1536x1024.jpg 1536w, https:\/\/quantum.lv\/wp-content\/uploads\/2025\/12\/konsultacijas-un-risinajumu-pielagosana-pakalpojumi-2048x1365.jpg 2048w, https:\/\/quantum.lv\/wp-content\/uploads\/2025\/12\/konsultacijas-un-risinajumu-pielagosana-pakalpojumi-600x400.jpg 600w\" sizes=\"(max-width: 2560px) 100vw, 2560px\" \/>\t\t\t\t\t\t\t\t\t\t\t\t\t\t\t<\/div>\n\t\t\t\t<div class=\"elementor-element elementor-element-6634aae elementor-widget elementor-widget-heading\" data-id=\"6634aae\" data-element_type=\"widget\" data-widget_type=\"heading.default\">\n\t\t\t\t\t<h5 class=\"elementor-heading-title elementor-size-default\">Consulting and solution customization<\/h5>\t\t\t\t<\/div>\n\t\t\t\t<div class=\"elementor-element elementor-element-f5d2a82 elementor-widget elementor-widget-text-editor\" data-id=\"f5d2a82\" data-element_type=\"widget\" data-widget_type=\"text-editor.default\">\n\t\t\t\t\t\t\t\t\t<p>Quantum offers professional consulting and customized laboratory solutions that meet each client&#039;s technical and functional requirements. We help select the most suitable laboratory equipment, diagnostic testing systems, and also provide full-cycle reagent sales.<\/p>\t\t\t\t\t\t\t\t<\/div>\n\t\t\t\t<div class=\"elementor-element elementor-element-a3db327 elementor-widget elementor-widget-spacer\" data-id=\"a3db327\" data-element_type=\"widget\" data-widget_type=\"spacer.default\">\n\t\t\t\t\t\t\t<div class=\"elementor-spacer\">\n\t\t\t<div class=\"elementor-spacer-inner\"><\/div>\n\t\t<\/div>\n\t\t\t\t\t\t<\/div>\n\t\t\t\t<\/div>\n\t\t\t\t<\/div>\n\t\t\t\t\t<\/div>\n\t\t\t\t<\/div>\n\t\t\t\t<\/div>","protected":false},"excerpt":{"rendered":"<p>Pakalpojumi Quantum Latvija Iek\u0101rtu uzst\u0101d\u012b\u0161ana Quantum nodro\u0161ina profesion\u0101lu laboratorijas iek\u0101rtu un diagnostikas test\u0113\u0161anas sist\u0113mu pieg\u0101di, uzst\u0101d\u012b\u0161anu un konfigur\u0113\u0161anu atbilsto\u0161i ra\u017eot\u0101ja tehniskaj\u0101m pras\u012bb\u0101m un j\u016bsu laboratorijas darba specifikai. M\u016bsu speci\u0101listi garant\u0113 prec\u012bzu un dro\u0161u iek\u0101rtu ievie\u0161anu ekspluat\u0101cij\u0101. Tehniskais serviss un apkope Pied\u0101v\u0101jam regul\u0101ru apkopi, kalibr\u0101ciju, verifik\u0101ciju, iek\u0101rtu diagnostiku un remontu. Quantum tehniskais serviss pal\u012bdz saglab\u0101t laboratorijas [&hellip;]<\/p>","protected":false},"author":2,"featured_media":0,"parent":0,"menu_order":0,"comment_status":"closed","ping_status":"closed","template":"page-templates\/home.php","meta":{"footnotes":""},"class_list":["post-135","page","type-page","status-publish","hentry"],"_links":{"self":[{"href":"https:\/\/quantum.lv\/en\/wp-json\/wp\/v2\/pages\/135","targetHints":{"allow":["GET"]}}],"collection":[{"href":"https:\/\/quantum.lv\/en\/wp-json\/wp\/v2\/pages"}],"about":[{"href":"https:\/\/quantum.lv\/en\/wp-json\/wp\/v2\/types\/page"}],"author":[{"embeddable":true,"href":"https:\/\/quantum.lv\/en\/wp-json\/wp\/v2\/users\/2"}],"replies":[{"embeddable":true,"href":"https:\/\/quantum.lv\/en\/wp-json\/wp\/v2\/comments?post=135"}],"version-history":[{"count":74,"href":"https:\/\/quantum.lv\/en\/wp-json\/wp\/v2\/pages\/135\/revisions"}],"predecessor-version":[{"id":2475,"href":"https:\/\/quantum.lv\/en\/wp-json\/wp\/v2\/pages\/135\/revisions\/2475"}],"wp:attachment":[{"href":"https:\/\/quantum.lv\/en\/wp-json\/wp\/v2\/media?parent=135"}],"curies":[{"name":"wp","href":"https:\/\/api.w.org\/{rel}","templated":true}]}}