{"id":1970,"date":"2025-11-07T09:28:24","date_gmt":"2025-11-07T09:28:24","guid":{"rendered":"https:\/\/quantum.hitexis.com\/?post_type=product&#038;p=1970"},"modified":"2025-12-03T15:02:07","modified_gmt":"2025-12-03T15:02:07","slug":"bioreaktori-un-fermentatori","status":"publish","type":"product","link":"https:\/\/quantum.lv\/en\/product\/bioreaktori-un-fermentatori\/","title":{"rendered":"Bioreactors and fermenters"},"content":{"rendered":"<p>Eppendorf&#039;s bioprocessing portfolio includes scalable bioreactor systems, software solutions, consumables and services that meet the needs of all stages of bioprocess development and production.<\/p>\n<p><a href=\"https:\/\/www.eppendorf.com\/de-en\/Products\/Bioprocess-c-WebPMain-H-44559\" target=\"_blank\" rel=\"noopener\">https:\/\/www.eppendorf.com\/de-en\/Products\/Bioprocess-c-WebPMain-H-44559<\/a><\/p>","protected":false},"excerpt":{"rendered":"<p>Eppendorf bioapstr\u0101des portfel\u012b ietilpst m\u0113rogojamas bioreaktoru sist\u0113mas, programmat\u016bras risin\u0101jumi, pal\u012bgmateri\u0101li un pakalpojumi, kas apmierina visu bioprocesu izstr\u0101des un ra\u017eo\u0161anas posmu vajadz\u012bbas. https:\/\/www.eppendorf.com\/de-en\/Products\/Bioprocess-c-WebPMain-H-44559<\/p>","protected":false},"featured_media":2297,"comment_status":"closed","ping_status":"closed","template":"","meta":[],"product_brand":[],"product_cat":[77],"product_tag":[],"class_list":{"0":"post-1970","1":"product","2":"type-product","3":"status-publish","4":"has-post-thumbnail","6":"product_cat-bioprocess","8":"first","9":"instock","10":"shipping-taxable","11":"product-type-simple"},"_links":{"self":[{"href":"https:\/\/quantum.lv\/en\/wp-json\/wp\/v2\/product\/1970","targetHints":{"allow":["GET"]}}],"collection":[{"href":"https:\/\/quantum.lv\/en\/wp-json\/wp\/v2\/product"}],"about":[{"href":"https:\/\/quantum.lv\/en\/wp-json\/wp\/v2\/types\/product"}],"replies":[{"embeddable":true,"href":"https:\/\/quantum.lv\/en\/wp-json\/wp\/v2\/comments?post=1970"}],"wp:featuredmedia":[{"embeddable":true,"href":"https:\/\/quantum.lv\/en\/wp-json\/wp\/v2\/media\/2297"}],"wp:attachment":[{"href":"https:\/\/quantum.lv\/en\/wp-json\/wp\/v2\/media?parent=1970"}],"wp:term":[{"taxonomy":"product_brand","embeddable":true,"href":"https:\/\/quantum.lv\/en\/wp-json\/wp\/v2\/product_brand?post=1970"},{"taxonomy":"product_cat","embeddable":true,"href":"https:\/\/quantum.lv\/en\/wp-json\/wp\/v2\/product_cat?post=1970"},{"taxonomy":"product_tag","embeddable":true,"href":"https:\/\/quantum.lv\/en\/wp-json\/wp\/v2\/product_tag?post=1970"}],"curies":[{"name":"wp","href":"https:\/\/api.w.org\/{rel}","templated":true}]}}