{"id":1989,"date":"2025-11-07T09:45:07","date_gmt":"2025-11-07T09:45:07","guid":{"rendered":"https:\/\/quantum.hitexis.com\/?post_type=product&#038;p=1989"},"modified":"2025-12-03T14:59:35","modified_gmt":"2025-12-03T14:59:35","slug":"agilent-gc-analizatori-astm-gazes-analizatori","status":"publish","type":"product","link":"https:\/\/quantum.lv\/en\/product\/agilent-gc-analizatori-astm-gazes-analizatori\/","title":{"rendered":"Agilent GC Analyzers (ASTM, Gas Analyzers)"},"content":{"rendered":"<p>The Agilent GC analyzer portfolio combines multiple methods into a single system and significantly reduces the time from system delivery to final calibration and validation. Preconfigured gas chromatograph hardware and method-specific separation tools allow you to spend more time processing samples than configuring the system or developing methods. Agilent\u2019s dedicated GC analyzer solutions provide components and specifications to quickly install new methods, providing a fast return on investment in a variety of application areas such as environmental, gas impurity, forensics, pharmaceutical, dissolved gas, energy, and chemicals.<\/p>\n<p><a href=\"https:\/\/www.agilent.com\/en\/product\/gas-chromatography\/gc-analyzers\" target=\"_blank\" rel=\"noopener\">https:\/\/www.agilent.com\/en\/product\/gas-chromatography\/gc-analyzers<\/a><\/p>","protected":false},"excerpt":{"rendered":"<p>Agilent GC analizatoru portfolio apvieno vair\u0101kas metodes vien\u0101 sist\u0113m\u0101 un iev\u0113rojami samazina laiku, kas nepiecie\u0161ams no sist\u0113mas pieg\u0101des l\u012bdz gal\u012bgajai kalibr\u0113\u0161anai un valid\u0101cijai. Iepriek\u0161 konfigur\u0113ta g\u0101zu hromatogr\u0101fa aparat\u016bra un metod\u0113m specifiski atdal\u012b\u0161anas r\u012bki \u013cauj vair\u0101k laika velt\u012bt paraugu apstr\u0101dei, nevis sist\u0113mas konfigur\u0113\u0161anai vai metodes izstr\u0101dei. Agilent specifiskie GH analizatoru risin\u0101jumi nodro\u0161ina komponentus un specifik\u0101cijas, lai [&hellip;]<\/p>","protected":false},"featured_media":2297,"comment_status":"closed","ping_status":"closed","template":"","meta":[],"product_brand":[],"product_cat":[62],"product_tag":[],"class_list":{"0":"post-1989","1":"product","2":"type-product","3":"status-publish","4":"has-post-thumbnail","6":"product_cat-gazu-hromatografija-gc","8":"first","9":"instock","10":"shipping-taxable","11":"product-type-simple"},"_links":{"self":[{"href":"https:\/\/quantum.lv\/en\/wp-json\/wp\/v2\/product\/1989","targetHints":{"allow":["GET"]}}],"collection":[{"href":"https:\/\/quantum.lv\/en\/wp-json\/wp\/v2\/product"}],"about":[{"href":"https:\/\/quantum.lv\/en\/wp-json\/wp\/v2\/types\/product"}],"replies":[{"embeddable":true,"href":"https:\/\/quantum.lv\/en\/wp-json\/wp\/v2\/comments?post=1989"}],"wp:featuredmedia":[{"embeddable":true,"href":"https:\/\/quantum.lv\/en\/wp-json\/wp\/v2\/media\/2297"}],"wp:attachment":[{"href":"https:\/\/quantum.lv\/en\/wp-json\/wp\/v2\/media?parent=1989"}],"wp:term":[{"taxonomy":"product_brand","embeddable":true,"href":"https:\/\/quantum.lv\/en\/wp-json\/wp\/v2\/product_brand?post=1989"},{"taxonomy":"product_cat","embeddable":true,"href":"https:\/\/quantum.lv\/en\/wp-json\/wp\/v2\/product_cat?post=1989"},{"taxonomy":"product_tag","embeddable":true,"href":"https:\/\/quantum.lv\/en\/wp-json\/wp\/v2\/product_tag?post=1989"}],"curies":[{"name":"wp","href":"https:\/\/api.w.org\/{rel}","templated":true}]}}