{"id":2045,"date":"2025-11-07T10:26:37","date_gmt":"2025-11-07T10:26:37","guid":{"rendered":"https:\/\/quantum.hitexis.com\/?post_type=product&#038;p=2045"},"modified":"2025-12-03T14:50:04","modified_gmt":"2025-12-03T14:50:04","slug":"qpcr","status":"publish","type":"product","link":"https:\/\/quantum.lv\/en\/product\/qpcr\/","title":{"rendered":"qPCR"},"content":{"rendered":"<p>Real-time PCR detection systems provide sensitive and reliable detection of both single and multiple real-time PCR reactions. Enjoy advanced optics, excellent sensitivity and useful software. Discover a wide range of reverse transcription, PCR and real-time PCR reagents optimized for accurate and reproducible data.<\/p>\n<p><a href=\"https:\/\/www.bio-rad.com\/en-lv\/category\/pcr-qpcr?ID=000c7bb4-86db-8a97-501e-c2599168ada3\" target=\"_blank\" rel=\"noopener\">https:\/\/www.bio-rad.com\/en-lv\/category\/pcr-qpcr?ID=000c7bb4-86db-8a97-501e-c2599168ada3<\/a><\/p>","protected":false},"excerpt":{"rendered":"<p>Re\u0101llaika PCR noteik\u0161anas sist\u0113mas nodro\u0161ina jut\u012bgu un uzticamu gan vienas, gan vair\u0101ku re\u0101llaika PCR reakciju noteik\u0161anu. Izbaudiet modernu optiku, izcilu jut\u012bbu un noder\u012bgu programmat\u016bru.Iepaz\u012bstieties ar pla\u0161u revers\u0101s transkripcijas, PCR un re\u0101llaika PCR rea\u0123entu kl\u0101stu, kas ir optimiz\u0113ti prec\u012bzu un reproduc\u0113jamu datu ieg\u016b\u0161anai. https:\/\/www.bio-rad.com\/en-lv\/category\/pcr-qpcr?ID=000c7bb4-86db-8a97-501e-c2599168ada3<\/p>","protected":false},"featured_media":2297,"comment_status":"closed","ping_status":"closed","template":"","meta":[],"product_brand":[],"product_cat":[84],"product_tag":[],"class_list":{"0":"post-2045","1":"product","2":"type-product","3":"status-publish","4":"has-post-thumbnail","6":"product_cat-molekularas-biologijas-instrumenti-un-reagenti","8":"first","9":"instock","10":"shipping-taxable","11":"product-type-simple"},"_links":{"self":[{"href":"https:\/\/quantum.lv\/en\/wp-json\/wp\/v2\/product\/2045","targetHints":{"allow":["GET"]}}],"collection":[{"href":"https:\/\/quantum.lv\/en\/wp-json\/wp\/v2\/product"}],"about":[{"href":"https:\/\/quantum.lv\/en\/wp-json\/wp\/v2\/types\/product"}],"replies":[{"embeddable":true,"href":"https:\/\/quantum.lv\/en\/wp-json\/wp\/v2\/comments?post=2045"}],"wp:featuredmedia":[{"embeddable":true,"href":"https:\/\/quantum.lv\/en\/wp-json\/wp\/v2\/media\/2297"}],"wp:attachment":[{"href":"https:\/\/quantum.lv\/en\/wp-json\/wp\/v2\/media?parent=2045"}],"wp:term":[{"taxonomy":"product_brand","embeddable":true,"href":"https:\/\/quantum.lv\/en\/wp-json\/wp\/v2\/product_brand?post=2045"},{"taxonomy":"product_cat","embeddable":true,"href":"https:\/\/quantum.lv\/en\/wp-json\/wp\/v2\/product_cat?post=2045"},{"taxonomy":"product_tag","embeddable":true,"href":"https:\/\/quantum.lv\/en\/wp-json\/wp\/v2\/product_tag?post=2045"}],"curies":[{"name":"wp","href":"https:\/\/api.w.org\/{rel}","templated":true}]}}