{"id":2046,"date":"2025-11-07T10:27:13","date_gmt":"2025-11-07T10:27:13","guid":{"rendered":"https:\/\/quantum.hitexis.com\/?post_type=product&#038;p=2046"},"modified":"2025-12-03T14:49:45","modified_gmt":"2025-12-03T14:49:45","slug":"digital-pcr","status":"publish","type":"product","link":"https:\/\/quantum.lv\/en\/product\/digital-pcr\/","title":{"rendered":"digital PCR"},"content":{"rendered":"<p>Learn how ddPCR technology delivers precision, sensitivity, and absolute quantification. Sensitivity-Simplicity-Performance: Bio-Rad offers the most comprehensive digital PCR product line. With the addition of four new instruments, our portfolio sets a new standard, delivering advanced droplet digital PCR (ddPCR) solutions, world-class expertise, and over 12,000 publications to support your research.<\/p>\n<p><a href=\"https:\/\/www.bio-rad.com\/en-lv\/category\/digital-pcr?ID=bcdf1371-fa15-9804-647b-4c13f34cd622\" target=\"_blank\" rel=\"noopener\">https:\/\/www.bio-rad.com\/en-lv\/category\/digital-pcr?ID=bcdf1371-fa15-9804-647b-4c13f34cd622<\/a><\/p>","protected":false},"excerpt":{"rendered":"<p>Uzziniet, k\u0101 ddPCR tehnolo\u0123ija nodro\u0161ina precizit\u0101ti, jut\u012bgumu un absol\u016btu kvantifik\u0101ciju. J\u016bt\u012bba-Vienk\u0101r\u0161\u012bba-Veiktsp\u0113ja: Bio-Rad pied\u0101v\u0101 visaptvero\u0161\u0101ko digit\u0101lo PCR produktu l\u012bniju. Pievienojot \u010detrus jaunus instrumentus, m\u016bsu portfelis nosaka jaunu standartu, nodro\u0161inot progres\u012bvus pilienu digit\u0101l\u0101s PCR (ddPCR) risin\u0101jumus, pasaules l\u012bme\u0146a pieredzi un vair\u0101k nek\u0101 12\u00a0000 publik\u0101ciju, lai atbalst\u012btu j\u016bsu p\u0113t\u012bjumus. https:\/\/www.bio-rad.com\/en-lv\/category\/digital-pcr?ID=bcdf1371-fa15-9804-647b-4c13f34cd622<\/p>","protected":false},"featured_media":2297,"comment_status":"closed","ping_status":"closed","template":"","meta":[],"product_brand":[],"product_cat":[84],"product_tag":[],"class_list":{"0":"post-2046","1":"product","2":"type-product","3":"status-publish","4":"has-post-thumbnail","6":"product_cat-molekularas-biologijas-instrumenti-un-reagenti","8":"first","9":"instock","10":"shipping-taxable","11":"product-type-simple"},"_links":{"self":[{"href":"https:\/\/quantum.lv\/en\/wp-json\/wp\/v2\/product\/2046","targetHints":{"allow":["GET"]}}],"collection":[{"href":"https:\/\/quantum.lv\/en\/wp-json\/wp\/v2\/product"}],"about":[{"href":"https:\/\/quantum.lv\/en\/wp-json\/wp\/v2\/types\/product"}],"replies":[{"embeddable":true,"href":"https:\/\/quantum.lv\/en\/wp-json\/wp\/v2\/comments?post=2046"}],"wp:featuredmedia":[{"embeddable":true,"href":"https:\/\/quantum.lv\/en\/wp-json\/wp\/v2\/media\/2297"}],"wp:attachment":[{"href":"https:\/\/quantum.lv\/en\/wp-json\/wp\/v2\/media?parent=2046"}],"wp:term":[{"taxonomy":"product_brand","embeddable":true,"href":"https:\/\/quantum.lv\/en\/wp-json\/wp\/v2\/product_brand?post=2046"},{"taxonomy":"product_cat","embeddable":true,"href":"https:\/\/quantum.lv\/en\/wp-json\/wp\/v2\/product_cat?post=2046"},{"taxonomy":"product_tag","embeddable":true,"href":"https:\/\/quantum.lv\/en\/wp-json\/wp\/v2\/product_tag?post=2046"}],"curies":[{"name":"wp","href":"https:\/\/api.w.org\/{rel}","templated":true}]}}