{"id":2047,"date":"2025-11-07T10:27:49","date_gmt":"2025-11-07T10:27:49","guid":{"rendered":"https:\/\/quantum.hitexis.com\/?post_type=product&#038;p=2047"},"modified":"2025-12-03T14:49:34","modified_gmt":"2025-12-03T14:49:34","slug":"elektroforeze-un-blotings","status":"publish","type":"product","link":"https:\/\/quantum.lv\/en\/product\/elektroforeze-un-blotings\/","title":{"rendered":"Electrophoresis and blotting"},"content":{"rendered":"<p>Achieve high-quality results with our trusted electrophoresis and Western blotting products.<\/p>\n<p><a href=\"https:\/\/www.bio-rad.com\/en-lv\/category\/electrophoresis-blotting?ID=1616a788-c555-4b35-a33d-2735071ebd65\" target=\"_blank\" rel=\"noopener\">https:\/\/www.bio-rad.com\/en-lv\/category\/electrophoresis-blotting?ID=1616a788-c555-4b35-a33d-2735071ebd65<\/a><\/p>","protected":false},"excerpt":{"rendered":"<p>Sasniedziet augstas kvalit\u0101tes rezult\u0101tus ar m\u016bsu uzticamajiem elektrofor\u0113zes un Western blot\u0113\u0161anas produktiem. https:\/\/www.bio-rad.com\/en-lv\/category\/electrophoresis-blotting?ID=1616a788-c555-4b35-a33d-2735071ebd65<\/p>","protected":false},"featured_media":2297,"comment_status":"closed","ping_status":"closed","template":"","meta":[],"product_brand":[],"product_cat":[84],"product_tag":[],"class_list":{"0":"post-2047","1":"product","2":"type-product","3":"status-publish","4":"has-post-thumbnail","6":"product_cat-molekularas-biologijas-instrumenti-un-reagenti","8":"first","9":"instock","10":"shipping-taxable","11":"product-type-simple"},"_links":{"self":[{"href":"https:\/\/quantum.lv\/en\/wp-json\/wp\/v2\/product\/2047","targetHints":{"allow":["GET"]}}],"collection":[{"href":"https:\/\/quantum.lv\/en\/wp-json\/wp\/v2\/product"}],"about":[{"href":"https:\/\/quantum.lv\/en\/wp-json\/wp\/v2\/types\/product"}],"replies":[{"embeddable":true,"href":"https:\/\/quantum.lv\/en\/wp-json\/wp\/v2\/comments?post=2047"}],"wp:featuredmedia":[{"embeddable":true,"href":"https:\/\/quantum.lv\/en\/wp-json\/wp\/v2\/media\/2297"}],"wp:attachment":[{"href":"https:\/\/quantum.lv\/en\/wp-json\/wp\/v2\/media?parent=2047"}],"wp:term":[{"taxonomy":"product_brand","embeddable":true,"href":"https:\/\/quantum.lv\/en\/wp-json\/wp\/v2\/product_brand?post=2047"},{"taxonomy":"product_cat","embeddable":true,"href":"https:\/\/quantum.lv\/en\/wp-json\/wp\/v2\/product_cat?post=2047"},{"taxonomy":"product_tag","embeddable":true,"href":"https:\/\/quantum.lv\/en\/wp-json\/wp\/v2\/product_tag?post=2047"}],"curies":[{"name":"wp","href":"https:\/\/api.w.org\/{rel}","templated":true}]}}