{"id":2048,"date":"2025-11-07T10:28:22","date_gmt":"2025-11-07T10:28:22","guid":{"rendered":"https:\/\/quantum.hitexis.com\/?post_type=product&#038;p=2048"},"modified":"2025-12-03T14:49:26","modified_gmt":"2025-12-03T14:49:26","slug":"sunu-plusmas-citometri-un-analizatori","status":"publish","type":"product","link":"https:\/\/quantum.lv\/en\/product\/sunu-plusmas-citometri-un-analizatori\/","title":{"rendered":"Cell flow cytometers and analyzers"},"content":{"rendered":"<p>Discover our innovative cytometers and reagents.<br \/>\nEssential tools for more accurate, higher quality and faster results.<\/p>\n<p><a href=\"https:\/\/www.bio-rad.com\/en-lv\/category\/flow-cytometers?ID=MC3PCU15\" target=\"_blank\" rel=\"noopener\">https:\/\/www.bio-rad.com\/en-lv\/category\/flow-cytometers?ID=MC3PCU15<\/a><\/p>","protected":false},"excerpt":{"rendered":"<p>Iepaz\u012bstieties ar m\u016bsu inovat\u012bvajiem citometriem un rea\u0123entiem. Svar\u012bgi r\u012bki prec\u012bz\u0101kiem, kvalitat\u012bv\u0101kiem un \u0101tr\u0101kiem rezult\u0101tiem. https:\/\/www.bio-rad.com\/en-lv\/category\/flow-cytometers?ID=MC3PCU15<\/p>","protected":false},"featured_media":2297,"comment_status":"closed","ping_status":"closed","template":"","meta":[],"product_brand":[],"product_cat":[84],"product_tag":[],"class_list":{"0":"post-2048","1":"product","2":"type-product","3":"status-publish","4":"has-post-thumbnail","6":"product_cat-molekularas-biologijas-instrumenti-un-reagenti","8":"first","9":"instock","10":"shipping-taxable","11":"product-type-simple"},"_links":{"self":[{"href":"https:\/\/quantum.lv\/en\/wp-json\/wp\/v2\/product\/2048","targetHints":{"allow":["GET"]}}],"collection":[{"href":"https:\/\/quantum.lv\/en\/wp-json\/wp\/v2\/product"}],"about":[{"href":"https:\/\/quantum.lv\/en\/wp-json\/wp\/v2\/types\/product"}],"replies":[{"embeddable":true,"href":"https:\/\/quantum.lv\/en\/wp-json\/wp\/v2\/comments?post=2048"}],"wp:featuredmedia":[{"embeddable":true,"href":"https:\/\/quantum.lv\/en\/wp-json\/wp\/v2\/media\/2297"}],"wp:attachment":[{"href":"https:\/\/quantum.lv\/en\/wp-json\/wp\/v2\/media?parent=2048"}],"wp:term":[{"taxonomy":"product_brand","embeddable":true,"href":"https:\/\/quantum.lv\/en\/wp-json\/wp\/v2\/product_brand?post=2048"},{"taxonomy":"product_cat","embeddable":true,"href":"https:\/\/quantum.lv\/en\/wp-json\/wp\/v2\/product_cat?post=2048"},{"taxonomy":"product_tag","embeddable":true,"href":"https:\/\/quantum.lv\/en\/wp-json\/wp\/v2\/product_tag?post=2048"}],"curies":[{"name":"wp","href":"https:\/\/api.w.org\/{rel}","templated":true}]}}