{"id":2052,"date":"2025-11-07T10:33:04","date_gmt":"2025-11-07T10:33:04","guid":{"rendered":"https:\/\/quantum.hitexis.com\/?post_type=product&#038;p=2052"},"modified":"2025-12-03T14:48:24","modified_gmt":"2025-12-03T14:48:24","slug":"udens-kvalitates-testesana","status":"publish","type":"product","link":"https:\/\/quantum.lv\/en\/product\/udens-kvalitates-testesana\/","title":{"rendered":"Water quality testing"},"content":{"rendered":"<p>Reliably monitor water quality by identifying and quantifying pathogenic and indicator bacteria that may be present in your samples. Explore Bio-Rad and PCR testing kits.<\/p>\n<p><a href=\"https:\/\/www.bio-rad.com\/en-lv\/category\/water-quality-testing?ID=L820LK15\" target=\"_blank\" rel=\"noopener\">https:\/\/www.bio-rad.com\/en-lv\/category\/water-quality-testing?ID=L820LK15<\/a><\/p>","protected":false},"excerpt":{"rendered":"<p>Dro\u0161i uzraugiet \u016bdens kvalit\u0101ti, identific\u0113jot un kvantitat\u012bvi nosakot patog\u0113n\u0101s un indikatorbakt\u0113rijas, kas var b\u016bt j\u016bsu paraugos. Iepaz\u012bstieties ar Bio-Rad un PCR test\u0113\u0161anas komplektiem. https:\/\/www.bio-rad.com\/en-lv\/category\/water-quality-testing?ID=L820LK15<\/p>","protected":false},"featured_media":2297,"comment_status":"closed","ping_status":"closed","template":"","meta":[],"product_brand":[],"product_cat":[86],"product_tag":[],"class_list":{"0":"post-2052","1":"product","2":"type-product","3":"status-publish","4":"has-post-thumbnail","6":"product_cat-mikrobiologija","8":"first","9":"instock","10":"shipping-taxable","11":"product-type-simple"},"_links":{"self":[{"href":"https:\/\/quantum.lv\/en\/wp-json\/wp\/v2\/product\/2052","targetHints":{"allow":["GET"]}}],"collection":[{"href":"https:\/\/quantum.lv\/en\/wp-json\/wp\/v2\/product"}],"about":[{"href":"https:\/\/quantum.lv\/en\/wp-json\/wp\/v2\/types\/product"}],"replies":[{"embeddable":true,"href":"https:\/\/quantum.lv\/en\/wp-json\/wp\/v2\/comments?post=2052"}],"wp:featuredmedia":[{"embeddable":true,"href":"https:\/\/quantum.lv\/en\/wp-json\/wp\/v2\/media\/2297"}],"wp:attachment":[{"href":"https:\/\/quantum.lv\/en\/wp-json\/wp\/v2\/media?parent=2052"}],"wp:term":[{"taxonomy":"product_brand","embeddable":true,"href":"https:\/\/quantum.lv\/en\/wp-json\/wp\/v2\/product_brand?post=2052"},{"taxonomy":"product_cat","embeddable":true,"href":"https:\/\/quantum.lv\/en\/wp-json\/wp\/v2\/product_cat?post=2052"},{"taxonomy":"product_tag","embeddable":true,"href":"https:\/\/quantum.lv\/en\/wp-json\/wp\/v2\/product_tag?post=2052"}],"curies":[{"name":"wp","href":"https:\/\/api.w.org\/{rel}","templated":true}]}}