{"id":2053,"date":"2025-11-07T10:34:44","date_gmt":"2025-11-07T10:34:44","guid":{"rendered":"https:\/\/quantum.hitexis.com\/?post_type=product&#038;p=2053"},"modified":"2025-12-03T14:48:18","modified_gmt":"2025-12-03T14:48:18","slug":"automatiskie-sunu-skaititaji","status":"publish","type":"product","link":"https:\/\/quantum.lv\/en\/product\/automatiskie-sunu-skaititaji\/","title":{"rendered":"Automatic cell counters"},"content":{"rendered":"<p>DeNovix&#039;s patented DirectPipette\u2122 technology replaces hemocytometers and plastic pipettes traditionally used in cell counting equipment. CellDrop is the only automated, imaging-based cell counter that eliminates the costs and plastic waste associated with pipettes.<\/p>\n<p><a href=\"https:\/\/www.denovix.com\/products\/celldrop\/\" target=\"_blank\" rel=\"noopener\">https:\/\/www.denovix.com\/products\/celldrop\/<\/a><\/p>","protected":false},"excerpt":{"rendered":"<p>DeNovix patent\u0113t\u0101 DirectPipette\u2122 tehnolo\u0123ija aizst\u0101j hemocitometrus un plastmasas prepar\u0101tus, ko tradicion\u0101li izmanto \u0161\u016bnu skait\u012b\u0161anas iek\u0101rt\u0101s. CellDrop ir vien\u012bgais automatiz\u0113tais, uz att\u0113lveido\u0161anu balst\u012btais \u0161\u016bnu skait\u012bt\u0101js, kas nov\u0113r\u0161 ar prepar\u0101tu lieto\u0161anu saist\u012bt\u0101s izmaksas un plastmasas atkritumus. https:\/\/www.denovix.com\/products\/celldrop\/<\/p>","protected":false},"featured_media":2297,"comment_status":"closed","ping_status":"closed","template":"","meta":[],"product_brand":[],"product_cat":[85],"product_tag":[],"class_list":{"0":"post-2053","1":"product","2":"type-product","3":"status-publish","4":"has-post-thumbnail","6":"product_cat-sunu-biologijas-instrumenti-un-reagenti","8":"first","9":"instock","10":"shipping-taxable","11":"product-type-simple"},"_links":{"self":[{"href":"https:\/\/quantum.lv\/en\/wp-json\/wp\/v2\/product\/2053","targetHints":{"allow":["GET"]}}],"collection":[{"href":"https:\/\/quantum.lv\/en\/wp-json\/wp\/v2\/product"}],"about":[{"href":"https:\/\/quantum.lv\/en\/wp-json\/wp\/v2\/types\/product"}],"replies":[{"embeddable":true,"href":"https:\/\/quantum.lv\/en\/wp-json\/wp\/v2\/comments?post=2053"}],"wp:featuredmedia":[{"embeddable":true,"href":"https:\/\/quantum.lv\/en\/wp-json\/wp\/v2\/media\/2297"}],"wp:attachment":[{"href":"https:\/\/quantum.lv\/en\/wp-json\/wp\/v2\/media?parent=2053"}],"wp:term":[{"taxonomy":"product_brand","embeddable":true,"href":"https:\/\/quantum.lv\/en\/wp-json\/wp\/v2\/product_brand?post=2053"},{"taxonomy":"product_cat","embeddable":true,"href":"https:\/\/quantum.lv\/en\/wp-json\/wp\/v2\/product_cat?post=2053"},{"taxonomy":"product_tag","embeddable":true,"href":"https:\/\/quantum.lv\/en\/wp-json\/wp\/v2\/product_tag?post=2053"}],"curies":[{"name":"wp","href":"https:\/\/api.w.org\/{rel}","templated":true}]}}