{"id":2054,"date":"2025-11-07T10:35:07","date_gmt":"2025-11-07T10:35:07","guid":{"rendered":"https:\/\/quantum.hitexis.com\/?post_type=product&#038;p=2054"},"modified":"2025-12-03T14:48:10","modified_gmt":"2025-12-03T14:48:10","slug":"spektrofotometri-un-fluorometri","status":"publish","type":"product","link":"https:\/\/quantum.lv\/en\/product\/spektrofotometri-un-fluorometri\/","title":{"rendered":"Spectrophotometers and fluorometers"},"content":{"rendered":"<p>Our award-winning spectrophotometers and fluorimeters offer a variety of mode combinations to suit your laboratory needs.<\/p>\n<p><a href=\"https:\/\/www.denovix.com\/products\/ds-series\/\" target=\"_blank\" rel=\"noopener\">https:\/\/www.denovix.com\/products\/ds-series\/<\/a><\/p>","protected":false},"excerpt":{"rendered":"<p>M\u016bsu godalgotie spektrofotometri un fluorimetri pied\u0101v\u0101 da\u017e\u0101das re\u017e\u012bmu kombin\u0101cijas, lai atbilstu j\u016bsu laboratorijas vajadz\u012bb\u0101m. https:\/\/www.denovix.com\/products\/ds-series\/<\/p>","protected":false},"featured_media":2297,"comment_status":"closed","ping_status":"closed","template":"","meta":[],"product_brand":[],"product_cat":[85],"product_tag":[],"class_list":{"0":"post-2054","1":"product","2":"type-product","3":"status-publish","4":"has-post-thumbnail","6":"product_cat-sunu-biologijas-instrumenti-un-reagenti","8":"first","9":"instock","10":"shipping-taxable","11":"product-type-simple"},"_links":{"self":[{"href":"https:\/\/quantum.lv\/en\/wp-json\/wp\/v2\/product\/2054","targetHints":{"allow":["GET"]}}],"collection":[{"href":"https:\/\/quantum.lv\/en\/wp-json\/wp\/v2\/product"}],"about":[{"href":"https:\/\/quantum.lv\/en\/wp-json\/wp\/v2\/types\/product"}],"replies":[{"embeddable":true,"href":"https:\/\/quantum.lv\/en\/wp-json\/wp\/v2\/comments?post=2054"}],"wp:featuredmedia":[{"embeddable":true,"href":"https:\/\/quantum.lv\/en\/wp-json\/wp\/v2\/media\/2297"}],"wp:attachment":[{"href":"https:\/\/quantum.lv\/en\/wp-json\/wp\/v2\/media?parent=2054"}],"wp:term":[{"taxonomy":"product_brand","embeddable":true,"href":"https:\/\/quantum.lv\/en\/wp-json\/wp\/v2\/product_brand?post=2054"},{"taxonomy":"product_cat","embeddable":true,"href":"https:\/\/quantum.lv\/en\/wp-json\/wp\/v2\/product_cat?post=2054"},{"taxonomy":"product_tag","embeddable":true,"href":"https:\/\/quantum.lv\/en\/wp-json\/wp\/v2\/product_tag?post=2054"}],"curies":[{"name":"wp","href":"https:\/\/api.w.org\/{rel}","templated":true}]}}