{"id":2056,"date":"2025-11-07T10:36:23","date_gmt":"2025-11-07T10:36:23","guid":{"rendered":"https:\/\/quantum.hitexis.com\/?post_type=product&#038;p=2056"},"modified":"2025-12-03T14:47:53","modified_gmt":"2025-12-03T14:47:53","slug":"enzimu-imunanalizes-elisa-ihc-testi-magnetiskas-sunu-atdalisanas-sistemas","status":"publish","type":"product","link":"https:\/\/quantum.lv\/en\/product\/enzimu-imunanalizes-elisa-ihc-testi-magnetiskas-sunu-atdalisanas-sistemas\/","title":{"rendered":"Enzyme immunoassays: ELISA, IHC tests, magnetic cell separation systems"},"content":{"rendered":"<p>Enzyme immunoassays: ELISA, IHC tests, magnetic cell separation systems.<\/p>\n<p><a href=\"https:\/\/www.ptglab.com\/products\/antibodies-and-immunoassays\/#Immunoassays\" target=\"_blank\" rel=\"noopener\">https:\/\/www.ptglab.com\/products\/antibodies-and-immunoassays\/#Immunoassays<\/a><\/p>","protected":false},"excerpt":{"rendered":"<p>Enz\u012bmu im\u016bnanal\u012bzes: ELISA, IHC testi, magn\u0113tisk\u0101s \u0161\u016bnu atdal\u012b\u0161anas sist\u0113mas. https:\/\/www.ptglab.com\/products\/antibodies-and-immunoassays\/#Immunoassays<\/p>","protected":false},"featured_media":2297,"comment_status":"closed","ping_status":"closed","template":"","meta":[],"product_brand":[],"product_cat":[85],"product_tag":[],"class_list":{"0":"post-2056","1":"product","2":"type-product","3":"status-publish","4":"has-post-thumbnail","6":"product_cat-sunu-biologijas-instrumenti-un-reagenti","8":"first","9":"instock","10":"shipping-taxable","11":"product-type-simple"},"_links":{"self":[{"href":"https:\/\/quantum.lv\/en\/wp-json\/wp\/v2\/product\/2056","targetHints":{"allow":["GET"]}}],"collection":[{"href":"https:\/\/quantum.lv\/en\/wp-json\/wp\/v2\/product"}],"about":[{"href":"https:\/\/quantum.lv\/en\/wp-json\/wp\/v2\/types\/product"}],"replies":[{"embeddable":true,"href":"https:\/\/quantum.lv\/en\/wp-json\/wp\/v2\/comments?post=2056"}],"wp:featuredmedia":[{"embeddable":true,"href":"https:\/\/quantum.lv\/en\/wp-json\/wp\/v2\/media\/2297"}],"wp:attachment":[{"href":"https:\/\/quantum.lv\/en\/wp-json\/wp\/v2\/media?parent=2056"}],"wp:term":[{"taxonomy":"product_brand","embeddable":true,"href":"https:\/\/quantum.lv\/en\/wp-json\/wp\/v2\/product_brand?post=2056"},{"taxonomy":"product_cat","embeddable":true,"href":"https:\/\/quantum.lv\/en\/wp-json\/wp\/v2\/product_cat?post=2056"},{"taxonomy":"product_tag","embeddable":true,"href":"https:\/\/quantum.lv\/en\/wp-json\/wp\/v2\/product_tag?post=2056"}],"curies":[{"name":"wp","href":"https:\/\/api.w.org\/{rel}","templated":true}]}}