{"id":2058,"date":"2025-11-07T10:37:33","date_gmt":"2025-11-07T10:37:33","guid":{"rendered":"https:\/\/quantum.hitexis.com\/?post_type=product&#038;p=2058"},"modified":"2025-12-03T14:47:36","modified_gmt":"2025-12-03T14:47:36","slug":"sunu-veselibas-un-proliferacijas-komplekti","status":"publish","type":"product","link":"https:\/\/quantum.lv\/en\/product\/sunu-veselibas-un-proliferacijas-komplekti\/","title":{"rendered":"Cellular Health and Proliferation Kits"},"content":{"rendered":"<p>Kits for measuring cellular functions such as proliferation and apoptosis.<\/p>\n<p><a href=\"https:\/\/www.ptglab.com\/results?q=cell+health+assay\" target=\"_blank\" rel=\"noopener\">https:\/\/www.ptglab.com\/results?q=cell+health+assay<\/a><\/p>","protected":false},"excerpt":{"rendered":"<p>Komplekti \u0161\u016bnu funkciju, piem\u0113ram, prolifer\u0101cijas un apoptozes, m\u0113r\u012b\u0161anai. https:\/\/www.ptglab.com\/results?q=cell+health+assay<\/p>","protected":false},"featured_media":2297,"comment_status":"closed","ping_status":"closed","template":"","meta":[],"product_brand":[],"product_cat":[85],"product_tag":[],"class_list":{"0":"post-2058","1":"product","2":"type-product","3":"status-publish","4":"has-post-thumbnail","6":"product_cat-sunu-biologijas-instrumenti-un-reagenti","8":"first","9":"instock","10":"shipping-taxable","11":"product-type-simple"},"_links":{"self":[{"href":"https:\/\/quantum.lv\/en\/wp-json\/wp\/v2\/product\/2058","targetHints":{"allow":["GET"]}}],"collection":[{"href":"https:\/\/quantum.lv\/en\/wp-json\/wp\/v2\/product"}],"about":[{"href":"https:\/\/quantum.lv\/en\/wp-json\/wp\/v2\/types\/product"}],"replies":[{"embeddable":true,"href":"https:\/\/quantum.lv\/en\/wp-json\/wp\/v2\/comments?post=2058"}],"wp:featuredmedia":[{"embeddable":true,"href":"https:\/\/quantum.lv\/en\/wp-json\/wp\/v2\/media\/2297"}],"wp:attachment":[{"href":"https:\/\/quantum.lv\/en\/wp-json\/wp\/v2\/media?parent=2058"}],"wp:term":[{"taxonomy":"product_brand","embeddable":true,"href":"https:\/\/quantum.lv\/en\/wp-json\/wp\/v2\/product_brand?post=2058"},{"taxonomy":"product_cat","embeddable":true,"href":"https:\/\/quantum.lv\/en\/wp-json\/wp\/v2\/product_cat?post=2058"},{"taxonomy":"product_tag","embeddable":true,"href":"https:\/\/quantum.lv\/en\/wp-json\/wp\/v2\/product_tag?post=2058"}],"curies":[{"name":"wp","href":"https:\/\/api.w.org\/{rel}","templated":true}]}}