{"id":2060,"date":"2025-11-07T10:39:33","date_gmt":"2025-11-07T10:39:33","guid":{"rendered":"https:\/\/quantum.hitexis.com\/?post_type=product&#038;p=2060"},"modified":"2025-12-03T14:47:20","modified_gmt":"2025-12-03T14:47:20","slug":"nanobody-based-reagenti","status":"publish","type":"product","link":"https:\/\/quantum.lv\/en\/product\/nanobody-based-reagenti\/","title":{"rendered":"Nanobody-based reagents"},"content":{"rendered":"<p>ChromoTek nanobody reagents are rigorously tested, recombinantly expressed, and ready to use. Their size and single-chain structure allow them to perform better than traditional IgG antibodies in applications such as immunoprecipitation, immunofluorescence, live cell imaging, biosensor analysis, and protein purification.<\/p>\n<p><a href=\"https:\/\/www.ptglab.com\/products\/chromotek-nanobody-based-reagents\/\" target=\"_blank\" rel=\"noopener\">https:\/\/www.ptglab.com\/products\/chromotek-nanobody-based-reagents\/<\/a><\/p>","protected":false},"excerpt":{"rendered":"<p>ChromoTek nano\u0137erme\u0146u rea\u0123enti ir stingri p\u0101rbaud\u012bti, rekombinant\u0101 veid\u0101 ekspres\u0113ti un gatavi lieto\u0161anai. To izm\u0113rs un vien\u0137\u0113des strukt\u016bra \u013cauj tiem nodro\u0161in\u0101t lab\u0101ku veiktsp\u0113ju sal\u012bdzin\u0101jum\u0101 ar tradicion\u0101laj\u0101m IgG antiviel\u0101m t\u0101d\u0101s lietojumprogramm\u0101s k\u0101 imunoprecipit\u0101cija, imunofluorescence, dz\u012bvo \u0161\u016bnu att\u0113lveido\u0161ana, biosensoru anal\u012bze un olbaltumvielu att\u012br\u012b\u0161ana. https:\/\/www.ptglab.com\/products\/chromotek-nanobody-based-reagents\/<\/p>","protected":false},"featured_media":2297,"comment_status":"closed","ping_status":"closed","template":"","meta":[],"product_brand":[],"product_cat":[85],"product_tag":[],"class_list":{"0":"post-2060","1":"product","2":"type-product","3":"status-publish","4":"has-post-thumbnail","6":"product_cat-sunu-biologijas-instrumenti-un-reagenti","8":"first","9":"instock","10":"shipping-taxable","11":"product-type-simple"},"_links":{"self":[{"href":"https:\/\/quantum.lv\/en\/wp-json\/wp\/v2\/product\/2060","targetHints":{"allow":["GET"]}}],"collection":[{"href":"https:\/\/quantum.lv\/en\/wp-json\/wp\/v2\/product"}],"about":[{"href":"https:\/\/quantum.lv\/en\/wp-json\/wp\/v2\/types\/product"}],"replies":[{"embeddable":true,"href":"https:\/\/quantum.lv\/en\/wp-json\/wp\/v2\/comments?post=2060"}],"wp:featuredmedia":[{"embeddable":true,"href":"https:\/\/quantum.lv\/en\/wp-json\/wp\/v2\/media\/2297"}],"wp:attachment":[{"href":"https:\/\/quantum.lv\/en\/wp-json\/wp\/v2\/media?parent=2060"}],"wp:term":[{"taxonomy":"product_brand","embeddable":true,"href":"https:\/\/quantum.lv\/en\/wp-json\/wp\/v2\/product_brand?post=2060"},{"taxonomy":"product_cat","embeddable":true,"href":"https:\/\/quantum.lv\/en\/wp-json\/wp\/v2\/product_cat?post=2060"},{"taxonomy":"product_tag","embeddable":true,"href":"https:\/\/quantum.lv\/en\/wp-json\/wp\/v2\/product_tag?post=2060"}],"curies":[{"name":"wp","href":"https:\/\/api.w.org\/{rel}","templated":true}]}}