{"id":2751,"date":"2026-02-02T12:28:20","date_gmt":"2026-02-02T12:28:20","guid":{"rendered":"https:\/\/quantum.lv\/?post_type=product&#038;p=2751"},"modified":"2026-02-05T09:04:23","modified_gmt":"2026-02-05T09:04:23","slug":"interchim-puriflash-xs-530","status":"publish","type":"product","link":"https:\/\/quantum.lv\/en\/product\/interchim-puriflash-xs-530\/","title":{"rendered":"Interchim PuriFlash XS 530"},"content":{"rendered":"<p>Concentrated technology for unrivaled performance. The technology and unique quality of the pump, designed for regular flash cleaning, will allow you to achieve much more. Increased pressure \u2013 30 bar and flow rate \u2013 300 mL\/min. The PuriFlash\u00ae XS 530 continues to provide accuracy, linearity and repeatability for complex cleaning operations.<\/p>\n<p><a href=\"https:\/\/www.interchim.com\/pp\/2595\/puriflash-xs-530.html\" target=\"_blank\" rel=\"noopener\">https:\/\/www.interchim.com\/pp\/2595\/puriflash-xs-530.html<\/a><\/p>","protected":false},"excerpt":{"rendered":"<p>Koncentr\u0113ta tehnolo\u0123ija nep\u0101rsp\u0113jamai veiktsp\u0113jai. Tehnolo\u0123ija un s\u016bk\u0146a unik\u0101l\u0101 kvalit\u0101te, kas paredz\u0113ta regul\u0101rai flash-att\u012br\u012b\u0161anai, \u013caus sasniegt daudz vair\u0101k. Palielin\u0101ts spiediens &#8211; 30 bar un pl\u016bsmas \u0101trums &#8211; 300 mL\/min. PuriFlash\u00ae XS 530 turpina nodro\u0161in\u0101t precizit\u0101ti, linearit\u0101ti un atk\u0101rtojam\u012bbu, lai veiktu sare\u017e\u0123\u012btas att\u012br\u012b\u0161anas darb\u012bbas. https:\/\/www.interchim.com\/pp\/2595\/puriflash-xs-530.html<\/p>","protected":false},"featured_media":2752,"comment_status":"open","ping_status":"closed","template":"","meta":[],"product_brand":[],"product_cat":[88],"product_tag":[],"class_list":{"0":"post-2751","1":"product","2":"type-product","3":"status-publish","4":"has-post-thumbnail","6":"product_cat-interchim-hromatografi","8":"first","9":"instock","10":"shipping-taxable","11":"product-type-simple"},"_links":{"self":[{"href":"https:\/\/quantum.lv\/en\/wp-json\/wp\/v2\/product\/2751","targetHints":{"allow":["GET"]}}],"collection":[{"href":"https:\/\/quantum.lv\/en\/wp-json\/wp\/v2\/product"}],"about":[{"href":"https:\/\/quantum.lv\/en\/wp-json\/wp\/v2\/types\/product"}],"replies":[{"embeddable":true,"href":"https:\/\/quantum.lv\/en\/wp-json\/wp\/v2\/comments?post=2751"}],"wp:featuredmedia":[{"embeddable":true,"href":"https:\/\/quantum.lv\/en\/wp-json\/wp\/v2\/media\/2752"}],"wp:attachment":[{"href":"https:\/\/quantum.lv\/en\/wp-json\/wp\/v2\/media?parent=2751"}],"wp:term":[{"taxonomy":"product_brand","embeddable":true,"href":"https:\/\/quantum.lv\/en\/wp-json\/wp\/v2\/product_brand?post=2751"},{"taxonomy":"product_cat","embeddable":true,"href":"https:\/\/quantum.lv\/en\/wp-json\/wp\/v2\/product_cat?post=2751"},{"taxonomy":"product_tag","embeddable":true,"href":"https:\/\/quantum.lv\/en\/wp-json\/wp\/v2\/product_tag?post=2751"}],"curies":[{"name":"wp","href":"https:\/\/api.w.org\/{rel}","templated":true}]}}